{"id":31,"date":"2018-03-13T15:18:23","date_gmt":"2018-03-13T15:18:23","guid":{"rendered":"https:\/\/omegaflexcorp.com\/?page_id=31"},"modified":"2018-05-02T15:36:01","modified_gmt":"2018-05-02T15:36:01","slug":"terms-of-use","status":"publish","type":"page","link":"http:\/\/omegaflexcorp.com\/fr\/terms-of-use\/","title":{"rendered":"Conditions d'utilisation"},"content":{"rendered":"<p>Bienvenue sur notre site web. Si vous continuez \u00e0 naviguer et \u00e0 utiliser ce site web, vous acceptez de vous conformer et d'\u00eatre li\u00e9 par les conditions d'utilisation suivantes, qui, avec notre politique de confidentialit\u00e9, r\u00e9gissent les relations entre Omega Flex, Inc. et vous en ce qui concerne ce site web.<\/p>\n<p>Le terme \"Omega Flex\" ou \"nous\" fait r\u00e9f\u00e9rence \u00e0 Omega Flex, Inc, le propri\u00e9taire du site web, situ\u00e9 \u00e0 Exton, en Pennsylvanie. Le terme \"vous\" fait r\u00e9f\u00e9rence \u00e0 l'utilisateur ou au visiteur de notre site web.<\/p>\n<p>L'utilisation de ce site web est soumise aux conditions d'utilisation suivantes :<\/p>\n<ol>\n<li>Le contenu des pages de ce site web est destin\u00e9 \u00e0 l'information et \u00e0 l'utilisation g\u00e9n\u00e9rales uniquement. Il peut \u00eatre modifi\u00e9 sans pr\u00e9avis. L'utilisation des textes, images, graphiques, fichiers sonores, animations, vid\u00e9os et\/ou leur disposition sur le site web (collectivement, les \"\u00e9l\u00e9ments\"), ainsi que sur tout autre site web d\u00e9tenu, exploit\u00e9, conc\u00e9d\u00e9 sous licence ou contr\u00f4l\u00e9 par OmegaFlex ou l'une de ses filiales, est soumise aux droits de propri\u00e9t\u00e9 intellectuelle d'OmegaFlex. Le mat\u00e9riel ne peut \u00eatre copi\u00e9, distribu\u00e9, republi\u00e9, t\u00e9l\u00e9charg\u00e9, post\u00e9 ou transmis de quelque mani\u00e8re que ce soit sans l'accord \u00e9crit pr\u00e9alable d'OmegaFlex. L'utilisation ou l'acc\u00e8s au site web par vous ne vous transf\u00e8re aucun titre ni aucun droit de propri\u00e9t\u00e9 intellectuelle, qui sont tous r\u00e9serv\u00e9s et demeurent la propri\u00e9t\u00e9 d'OmegaFlex, qui d\u00e9tient le titre plein et entier du mat\u00e9riel contenu dans ce site.<\/li>\n<li>Le site web et les mat\u00e9riaux qu'il contient sont fournis \"en l'\u00e9tat\", et nous n'offrons aucune garantie quant \u00e0 l'exactitude, l'opportunit\u00e9, la performance, l'exhaustivit\u00e9 ou l'ad\u00e9quation des informations et des mat\u00e9riaux trouv\u00e9s ou propos\u00e9s sur ce site web. OMEGAFLEX D\u00c9CLINE TOUTE GARANTIE CONCERNANT LE SITE WEB ET LE MAT\u00c9RIEL QU'IL CONTIENT, Y COMPRIS LES GARANTIES IMPLICITES DE QUALIT\u00c9 MARCHANDE ET D'AD\u00c9QUATION \u00c0 UN USAGE PARTICULIER.<\/li>\n<li>L'utilisation d'informations ou de mat\u00e9riel sur ce site se fait enti\u00e8rement \u00e0 vos risques et p\u00e9rils, et nous n'en sommes pas responsables. Il est de votre responsabilit\u00e9 de vous assurer que les produits, services ou informations disponibles sur ce site r\u00e9pondent \u00e0 vos besoins sp\u00e9cifiques. En aucun cas, OmegaFlex ne pourra \u00eatre tenu responsable de quelque dommage que ce soit, qu'il soit sp\u00e9cial, indirect ou cons\u00e9cutif, de la perte d'utilisation, de donn\u00e9es ou de b\u00e9n\u00e9fices, qu'il s'agisse d'une action contractuelle, d'une n\u00e9gligence ou d'une autre action d\u00e9lictuelle, r\u00e9sultant de ou en rapport avec l'utilisation du site web, des mat\u00e9riaux ou de tout programme ou application t\u00e9l\u00e9charg\u00e9.<\/li>\n<li>La propri\u00e9t\u00e9 et les droits de propri\u00e9t\u00e9 intellectuelle de toutes les remarques, suggestions, id\u00e9es, graphiques ou autres informations communiqu\u00e9es \u00e0 OmegaFlex par le biais de ce site (collectivement les \"soumissions\") sont imm\u00e9diatement transf\u00e9r\u00e9s \u00e0 OmegaFlex, et les soumissions seront \u00e0 jamais la propri\u00e9t\u00e9 exclusive d'OmegaFlex. OmegaFlex aura le droit d'utiliser la soumission \u00e0 des fins commerciales ou autres, sans compensation pour vous ou les autres personnes ayant envoy\u00e9 une soumission. Nous ne sommes pas tenus de traiter les soumissions comme confidentielles et nous ne sommes pas responsables des id\u00e9es concernant nos activit\u00e9s (y compris, mais sans s'y limiter, les id\u00e9es de conception de produits, de marketing ou de publicit\u00e9) et nous ne sommes pas responsables des similitudes qui peuvent appara\u00eetre dans les activit\u00e9s futures d'OmegaFlex. En acc\u00e9dant \u00e0 ce site, vous reconnaissez que vous \u00eates responsable de tout mat\u00e9riel que vous soumettez et que vous, et non OmegaFlex, \u00eates enti\u00e8rement responsable du message, y compris de sa l\u00e9galit\u00e9, de sa fiabilit\u00e9, de son caract\u00e8re appropri\u00e9, de son originalit\u00e9 et de ses droits d'auteur.<\/li>\n<li>OmegaFlex, Inc. ne garantit pas et ne fait aucune d\u00e9claration concernant l'utilisation du mat\u00e9riel contenu dans ce site en termes d'exactitude, de pr\u00e9cision, de fiabilit\u00e9 ou autre. Le mat\u00e9riel de ce site peut inclure des inexactitudes techniques ou des erreurs typographiques et OmegaFlex peut apporter des changements ou des am\u00e9liorations \u00e0 tout moment. L'utilisation non autoris\u00e9e de ce site peut donner lieu \u00e0 une demande de dommages-int\u00e9r\u00eats et\/ou constituer une infraction p\u00e9nale.<\/li>\n<li>De temps \u00e0 autre, ce site web peut \u00e9galement inclure des liens vers d'autres sites web. Ces liens sont fournis pour votre commodit\u00e9 afin de vous donner de plus amples informations. Ils ne signifient pas que nous approuvons le(s) site(s) web. Nous ne sommes pas responsables du contenu de ces sites. Il est interdit de cr\u00e9er un lien vers le pr\u00e9sent site \u00e0 partir d'un autre site ou document sans l'accord \u00e9crit pr\u00e9alable d'Omega Flex.<\/li>\n<li>L'utilisation de ce site web et tout litige d\u00e9coulant de cette utilisation sont soumis aux lois du Commonwealth de Pennsylvanie et des \u00c9tats-Unis d'Am\u00e9rique. Il s'agit de l'int\u00e9gralit\u00e9 de l'accord entre les parties concernant l'utilisation de ce site. OmegaFlex peut r\u00e9viser ces termes et conditions \u00e0 tout moment en mettant \u00e0 jour cette publication.<\/li>\n<li>Tous les \u00e9l\u00e9ments contenus dans ce site sont prot\u00e9g\u00e9s par la loi am\u00e9ricaine sur les droits d'auteur et ne peuvent \u00eatre reproduits, distribu\u00e9s, transmis, affich\u00e9s, publi\u00e9s ou diffus\u00e9s sans l'autorisation pr\u00e9alable d'Omega Flex. Il est interdit de modifier ou de supprimer toute marque de commerce, tout droit d'auteur ou tout autre avis figurant sur les documents contenus dans ce site.<\/li>\n<li>AutoFlare\u00ae, AutoSnap, AutoTrip\u00ae, CounterStrike\u00ae, DEF-Trac\u00ae, DoubleTrac\u00ae, MediTrac\u00ae, OmegaFlex\u00ae, Solar-Flare\u00ae, Solar-Trac\u00ae et TracPipe\u00ae sont des marques d\u00e9pos\u00e9es d'Omega Flex, Inc. et de ses filiales. Toutes les autres marques sont la propri\u00e9t\u00e9 de leurs d\u00e9tenteurs respectifs.<\/li>\n<\/ol>\n<p><strong>Avis aux investisseurs :<\/strong> Toute information contenue sur ces sites qui se rapporte ou fait r\u00e9f\u00e9rence \u00e0 la performance future d'Omega Flex, Inc, de ses filiales ou de ses entreprises, est bas\u00e9e sur de nombreux facteurs, hypoth\u00e8ses et estimations. L'exactitude de ces hypoth\u00e8ses et la probabilit\u00e9 d'\u00e9v\u00e9nements futurs ne sont pas garanties, et si les hypoth\u00e8ses sont incorrectes ou si les \u00e9v\u00e9nements ne se produisent pas, cela pourrait avoir un effet n\u00e9gatif important sur Omega Flex, Inc, ses filiales ou ses entreprises.<\/p>\n<p>Les investisseurs doivent se r\u00e9f\u00e9rer au rapport annuel et aux documents d\u00e9pos\u00e9s par Omega Flex aupr\u00e8s de la SEC pour obtenir des informations d\u00e9finitives sur les performances d'Omega Flex. Toute projection contenue sur ces sites concernant les performances futures d'Omega Flex est consid\u00e9r\u00e9e comme une \"d\u00e9claration prospective\" et est prot\u00e9g\u00e9e par la r\u00e8gle de la \"sph\u00e8re de s\u00e9curit\u00e9\" (safe harbor rule) pr\u00e9vue par le Private Securities Litigation Reform Act de 1995 (PL 104-67).&nbsp;<\/p>\n<p>R\u00e9vis\u00e9 en janvier 2018<\/p>","protected":false},"excerpt":{"rendered":"<p>Welcome to our website. If you continue to browse and use this website you are agreeing to comply with and be bound by the following terms and conditions of use, which together with our privacy policy govern Omega Flex, Inc.&#8217;s relationship with you in relation to this website. The term \u2018Omega Flex\u2019 or \u2018us\u2019 or &hellip; <a href=\"http:\/\/omegaflexcorp.com\/fr\/terms-of-use\/\">Suite<\/a><\/p>","protected":false},"author":1,"featured_media":0,"parent":0,"menu_order":0,"comment_status":"closed","ping_status":"closed","template":"","meta":{"footnotes":""},"class_list":["post-31","page","type-page","status-publish","hentry"],"_links":{"self":[{"href":"http:\/\/omegaflexcorp.com\/fr\/wp-json\/wp\/v2\/pages\/31","targetHints":{"allow":["GET"]}}],"collection":[{"href":"http:\/\/omegaflexcorp.com\/fr\/wp-json\/wp\/v2\/pages"}],"about":[{"href":"http:\/\/omegaflexcorp.com\/fr\/wp-json\/wp\/v2\/types\/page"}],"author":[{"embeddable":true,"href":"http:\/\/omegaflexcorp.com\/fr\/wp-json\/wp\/v2\/users\/1"}],"replies":[{"embeddable":true,"href":"http:\/\/omegaflexcorp.com\/fr\/wp-json\/wp\/v2\/comments?post=31"}],"version-history":[{"count":0,"href":"http:\/\/omegaflexcorp.com\/fr\/wp-json\/wp\/v2\/pages\/31\/revisions"}],"wp:attachment":[{"href":"http:\/\/omegaflexcorp.com\/fr\/wp-json\/wp\/v2\/media?parent=31"}],"curies":[{"name":"wp","href":"https:\/\/api.w.org\/{rel}","templated":true}]}}