{"id":10,"date":"2018-03-09T21:50:47","date_gmt":"2018-03-09T21:50:47","guid":{"rendered":"https:\/\/omegaflexcorp.com\/?page_id=10"},"modified":"2023-10-17T14:11:49","modified_gmt":"2023-10-17T14:11:49","slug":"company","status":"publish","type":"page","link":"https:\/\/omegaflexcorp.com\/fr\/company\/","title":{"rendered":"Entreprise"},"content":{"rendered":"<p>Omega Flex, Inc. (OmegaFlex) a \u00e9t\u00e9 fond\u00e9e en 1975 et est un innovateur et un fabricant de premier plan de tuyaux m\u00e9talliques flexibles et de produits de tuyauterie.  Les applications typiques de nos produits comprennent les tuyauteries flexibles pour les gaz combustibles dans la construction r\u00e9sidentielle et commerciale, les tuyauteries semi-rigides pour les combustibles liquides dans l'automobile, les marinas et la production d'appoint, les tubes flexibles pour les installations m\u00e9dicales, pharmaceutiques et les gaz purs, ainsi que les tuyaux flexibles pour diverses applications industrielles n\u00e9cessitant un haut degr\u00e9 de flexibilit\u00e9 et la capacit\u00e9 de transporter des substances corrosives \u00e0 des temp\u00e9ratures cryog\u00e9niques ou tr\u00e8s \u00e9lev\u00e9es.  OmegaFlex poss\u00e8de actuellement plus de 100 brevets d\u00e9pos\u00e9s dans le monde entier et est une entreprise ax\u00e9e sur les produits et l'ing\u00e9nierie qui s'engage \u00e0 r\u00e9pondre aux exigences de performance de ses clients.<\/p>\n<p>En utilisant des technologies de fabrication innovantes, OmegaFlex produit les solutions de la plus haute qualit\u00e9 et les plus rentables de l'industrie. Notre \u00e9quipe d'ing\u00e9nieurs et de techniciens exp\u00e9riment\u00e9s con\u00e7oit et construit des \u00e9quipements de fabrication de pointe, produit et teste de nouveaux produits, et effectue des analyses approfondies des produits afin de mettre en \u0153uvre des solutions pour les applications \"probl\u00e9matiques\". Une formation et une assistance \u00e0 la client\u00e8le agr\u00e9\u00e9es par l'usine sont assur\u00e9es pour tous les produits, l'objectif \u00e9tant de satisfaire pleinement le client, de la conception \u00e0 l'installation et \u00e0 la mise en service.  Notre objectif est de fournir des produits de qualit\u00e9, un service client exceptionnel et des livraisons dans les d\u00e9lais.<\/p>\n<p>OmegaFlex est certifi\u00e9 ISO9001 et ISO13458 afin de promouvoir les meilleures pratiques dans l'ensemble de ses activit\u00e9s. Conform\u00e9ment \u00e0 notre programme de qualit\u00e9, tous les nouveaux produits font l'objet d'un examen complet de la conception, d'une validation et d'une v\u00e9rification avant leur mise sur le march\u00e9, et la documentation relative aux essais est conserv\u00e9e pour tous les produits existants et nouveaux fabriqu\u00e9s par OmegaFlex. Tous les produits sont p\u00e9riodiquement r\u00e9\u00e9valu\u00e9s, y compris les tests de leurs normes de conception et de performance respectives, ainsi que les \u00e9valuations relatives \u00e0 la recyclabilit\u00e9 des mat\u00e9riaux et \u00e0 l'efficacit\u00e9 des mat\u00e9riaux.  Notre attachement \u00e0 la s\u00e9curit\u00e9 et \u00e0 la valeur garantit que nous ne fournissons que les produits les meilleurs et les plus \u00e9conomiques du march\u00e9.<\/p>\n<p>OmegaFlex est cot\u00e9e au NASDAQ Global Market sous le symbole OFLX. Nous vendons nos produits \u00e0 l'\u00e9chelle internationale gr\u00e2ce \u00e0 nos installations situ\u00e9es \u00e0 Exton, en Pennsylvanie, et \u00e0 Houston, au Texas, aux \u00c9tats-Unis, ainsi qu'\u00e0 Banbury, en Angleterre.<\/p>","protected":false},"excerpt":{"rendered":"<p>Omega Flex, Inc. (OmegaFlex) a \u00e9t\u00e9 fond\u00e9e en 1975 et est un innovateur et un fabricant de premier plan de tuyaux m\u00e9talliques flexibles et de produits de tuyauterie.  Les applications typiques de nos produits comprennent les tuyaux flexibles pour les gaz combustibles dans la construction r\u00e9sidentielle et commerciale, les tuyaux semi-rigides pour les combustibles liquides pour l'automobile, les marinas et la production d'appoint, les tuyaux flexibles pour le secteur m\u00e9dical, les soins de sant\u00e9 ... <a href=\"https:\/\/omegaflexcorp.com\/fr\/company\/\">Suite<\/a><\/p>","protected":false},"author":1,"featured_media":0,"parent":0,"menu_order":0,"comment_status":"closed","ping_status":"closed","template":"","meta":{"footnotes":""},"class_list":["post-10","page","type-page","status-publish","hentry"],"_links":{"self":[{"href":"https:\/\/omegaflexcorp.com\/fr\/wp-json\/wp\/v2\/pages\/10","targetHints":{"allow":["GET"]}}],"collection":[{"href":"https:\/\/omegaflexcorp.com\/fr\/wp-json\/wp\/v2\/pages"}],"about":[{"href":"https:\/\/omegaflexcorp.com\/fr\/wp-json\/wp\/v2\/types\/page"}],"author":[{"embeddable":true,"href":"https:\/\/omegaflexcorp.com\/fr\/wp-json\/wp\/v2\/users\/1"}],"replies":[{"embeddable":true,"href":"https:\/\/omegaflexcorp.com\/fr\/wp-json\/wp\/v2\/comments?post=10"}],"version-history":[{"count":0,"href":"https:\/\/omegaflexcorp.com\/fr\/wp-json\/wp\/v2\/pages\/10\/revisions"}],"wp:attachment":[{"href":"https:\/\/omegaflexcorp.com\/fr\/wp-json\/wp\/v2\/media?parent=10"}],"curies":[{"name":"wp","href":"https:\/\/api.w.org\/{rel}","templated":true}]}}