{"id":14,"date":"2018-03-09T21:51:08","date_gmt":"2018-03-09T21:51:08","guid":{"rendered":"https:\/\/omegaflexcorp.com\/?page_id=14"},"modified":"2018-05-01T19:45:19","modified_gmt":"2018-05-01T19:45:19","slug":"sec-filings","status":"publish","type":"page","link":"https:\/\/omegaflexcorp.com\/fr\/sec-filings\/","title":{"rendered":"D\u00e9p\u00f4ts aupr\u00e8s de la SEC"},"content":{"rendered":"","protected":false},"excerpt":{"rendered":"","protected":false},"author":1,"featured_media":0,"parent":0,"menu_order":0,"comment_status":"closed","ping_status":"closed","template":"template-sec_filing.php","meta":{"footnotes":""},"class_list":["post-14","page","type-page","status-publish","hentry"],"_links":{"self":[{"href":"https:\/\/omegaflexcorp.com\/fr\/wp-json\/wp\/v2\/pages\/14","targetHints":{"allow":["GET"]}}],"collection":[{"href":"https:\/\/omegaflexcorp.com\/fr\/wp-json\/wp\/v2\/pages"}],"about":[{"href":"https:\/\/omegaflexcorp.com\/fr\/wp-json\/wp\/v2\/types\/page"}],"author":[{"embeddable":true,"href":"https:\/\/omegaflexcorp.com\/fr\/wp-json\/wp\/v2\/users\/1"}],"replies":[{"embeddable":true,"href":"https:\/\/omegaflexcorp.com\/fr\/wp-json\/wp\/v2\/comments?post=14"}],"version-history":[{"count":0,"href":"https:\/\/omegaflexcorp.com\/fr\/wp-json\/wp\/v2\/pages\/14\/revisions"}],"wp:attachment":[{"href":"https:\/\/omegaflexcorp.com\/fr\/wp-json\/wp\/v2\/media?parent=14"}],"curies":[{"name":"wp","href":"https:\/\/api.w.org\/{rel}","templated":true}]}}