{"id":1510,"date":"2021-04-21T14:21:45","date_gmt":"2021-04-21T14:21:45","guid":{"rendered":"https:\/\/omegaflexcorp.com\/?page_id=1510"},"modified":"2021-04-21T14:21:45","modified_gmt":"2021-04-21T14:21:45","slug":"thank-you-contact","status":"publish","type":"page","link":"https:\/\/omegaflexcorp.com\/fr\/thank-you-contact\/","title":{"rendered":"Contact de remerciement"},"content":{"rendered":"<p>Merci de nous avoir contact\u00e9s.  Un repr\u00e9sentant vous r\u00e9pondra dans les plus brefs d\u00e9lais.<\/p>","protected":false},"excerpt":{"rendered":"<p>Merci de nous avoir contact\u00e9s.  Un repr\u00e9sentant vous r\u00e9pondra dans les plus brefs d\u00e9lais.<\/p>","protected":false},"author":1,"featured_media":0,"parent":0,"menu_order":0,"comment_status":"closed","ping_status":"closed","template":"","meta":{"footnotes":""},"class_list":["post-1510","page","type-page","status-publish","hentry"],"_links":{"self":[{"href":"https:\/\/omegaflexcorp.com\/fr\/wp-json\/wp\/v2\/pages\/1510","targetHints":{"allow":["GET"]}}],"collection":[{"href":"https:\/\/omegaflexcorp.com\/fr\/wp-json\/wp\/v2\/pages"}],"about":[{"href":"https:\/\/omegaflexcorp.com\/fr\/wp-json\/wp\/v2\/types\/page"}],"author":[{"embeddable":true,"href":"https:\/\/omegaflexcorp.com\/fr\/wp-json\/wp\/v2\/users\/1"}],"replies":[{"embeddable":true,"href":"https:\/\/omegaflexcorp.com\/fr\/wp-json\/wp\/v2\/comments?post=1510"}],"version-history":[{"count":0,"href":"https:\/\/omegaflexcorp.com\/fr\/wp-json\/wp\/v2\/pages\/1510\/revisions"}],"wp:attachment":[{"href":"https:\/\/omegaflexcorp.com\/fr\/wp-json\/wp\/v2\/media?parent=1510"}],"curies":[{"name":"wp","href":"https:\/\/api.w.org\/{rel}","templated":true}]}}