{"id":1545,"date":"2021-05-10T18:17:54","date_gmt":"2021-05-10T18:17:54","guid":{"rendered":"https:\/\/omegaflexcorp.com\/?page_id=1545"},"modified":"2021-05-10T18:17:54","modified_gmt":"2021-05-10T18:17:54","slug":"meditrac","status":"publish","type":"page","link":"https:\/\/omegaflexcorp.com\/fr\/products\/meditrac\/","title":{"rendered":"MediTrac"},"content":{"rendered":"<h2><em>Une technologie r\u00e9volutionnaire<\/em><\/h2>\n<p><img decoding=\"async\" class=\"alignright size-full wp-image-71\" src=\"\/wp-content\/uploads\/meditrac-product.jpg\" alt=\"\" width=\"200\"\/><\/p>\n<p>Contrairement aux tubes en cuivre traditionnels utilis\u00e9s pour la distribution des gaz m\u00e9dicaux, MediTrac s'installe rapidement avec une longueur continue de la source de gaz jusqu'\u00e0 l'appareil terminal. Envelopp\u00e9 d'un polym\u00e8re ignifuge, d'une taille de 1\/2\u2033 \u00e0 2\u2033, s\u00fbr et pliable, MediTrac s'av\u00e8re id\u00e9al pour tout \u00e9tablissement m\u00e9dical, dentaire, clinique ou de soins, qu'il soit nouveau, r\u00e9nov\u00e9 ou r\u00e9am\u00e9nag\u00e9.<\/p>\n<h3><a href=\"https:\/\/meditrac.us\/\" target=\"_blank\" rel=\"noopener\">Visitez le site web de MediTrac\u00ae '<\/a><\/h3>","protected":false},"excerpt":{"rendered":"<p>Technologie r\u00e9volutionnaire Contrairement aux tubes en cuivre traditionnels utilis\u00e9s pour la distribution des gaz m\u00e9dicaux, MediTrac s'installe rapidement avec une longueur continue de la source de gaz \u00e0 un dispositif terminal. Envelopp\u00e9 d'un polym\u00e8re ignifuge, d'une taille de 1\/2\u2033 \u00e0 2\u2033, s\u00fbr et pliable, MediTrac s'av\u00e8re id\u00e9al pour tout \u00e9tablissement m\u00e9dical, dentaire, clinique ou de soins, qu'il soit nouveau, r\u00e9nov\u00e9 ou r\u00e9am\u00e9nag\u00e9. Visitez le site ... <a href=\"https:\/\/omegaflexcorp.com\/fr\/products\/meditrac\/\">Suite<\/a><\/p>","protected":false},"author":1,"featured_media":1546,"parent":12,"menu_order":0,"comment_status":"closed","ping_status":"closed","template":"","meta":{"footnotes":""},"class_list":["post-1545","page","type-page","status-publish","has-post-thumbnail","hentry"],"_links":{"self":[{"href":"https:\/\/omegaflexcorp.com\/fr\/wp-json\/wp\/v2\/pages\/1545","targetHints":{"allow":["GET"]}}],"collection":[{"href":"https:\/\/omegaflexcorp.com\/fr\/wp-json\/wp\/v2\/pages"}],"about":[{"href":"https:\/\/omegaflexcorp.com\/fr\/wp-json\/wp\/v2\/types\/page"}],"author":[{"embeddable":true,"href":"https:\/\/omegaflexcorp.com\/fr\/wp-json\/wp\/v2\/users\/1"}],"replies":[{"embeddable":true,"href":"https:\/\/omegaflexcorp.com\/fr\/wp-json\/wp\/v2\/comments?post=1545"}],"version-history":[{"count":0,"href":"https:\/\/omegaflexcorp.com\/fr\/wp-json\/wp\/v2\/pages\/1545\/revisions"}],"up":[{"embeddable":true,"href":"https:\/\/omegaflexcorp.com\/fr\/wp-json\/wp\/v2\/pages\/12"}],"wp:featuredmedia":[{"embeddable":true,"href":"https:\/\/omegaflexcorp.com\/fr\/wp-json\/wp\/v2\/media\/1546"}],"wp:attachment":[{"href":"https:\/\/omegaflexcorp.com\/fr\/wp-json\/wp\/v2\/media?parent=1545"}],"curies":[{"name":"wp","href":"https:\/\/api.w.org\/{rel}","templated":true}]}}