{"id":16,"date":"2018-03-09T21:51:17","date_gmt":"2018-03-09T21:51:17","guid":{"rendered":"https:\/\/omegaflexcorp.com\/?page_id=16"},"modified":"2018-05-01T19:45:43","modified_gmt":"2018-05-01T19:45:43","slug":"compliance","status":"publish","type":"page","link":"https:\/\/omegaflexcorp.com\/fr\/compliance\/","title":{"rendered":"Conformit\u00e9"},"content":{"rendered":"<p>Bienvenue sur la page du site web d'OmegaFlex consacr\u00e9e \u00e0 la gouvernance d'entreprise. Les informations relatives \u00e0 la gouvernance d'entreprise pr\u00e9sent\u00e9es ici ont pour but d'aider les investisseurs et autres personnes \u00e0 comprendre nos pratiques de gouvernance et les responsabilit\u00e9s du conseil d'administration. Vous y trouverez \u00e9galement le code d'\u00e9thique professionnelle d'OmegaFlex et la proc\u00e9dure de plainte visant \u00e0 garantir une solide culture de la conformit\u00e9 au sein d'OmegaFlex.<\/p>\n<p>Pour communiquer une pr\u00e9occupation ou une plainte de mani\u00e8re anonyme, cliquez sur le \"Formulaire de non-conformit\u00e9\" \u00e0 gauche.<\/p>","protected":false},"excerpt":{"rendered":"<p>Bienvenue sur la page du site web d'OmegaFlex consacr\u00e9e \u00e0 la gouvernance d'entreprise. Les informations relatives \u00e0 la gouvernance d'entreprise pr\u00e9sent\u00e9es ici ont pour but d'aider les investisseurs et autres personnes \u00e0 comprendre nos pratiques de gouvernance et les responsabilit\u00e9s du conseil d'administration. Vous y trouverez \u00e9galement le code d'\u00e9thique professionnelle d'OmegaFlex et la proc\u00e9dure de plainte visant \u00e0 garantir une solide culture de conformit\u00e9 au sein d'OmegaFlex. ... <a href=\"https:\/\/omegaflexcorp.com\/fr\/compliance\/\">Suite<\/a><\/p>","protected":false},"author":1,"featured_media":0,"parent":0,"menu_order":0,"comment_status":"closed","ping_status":"closed","template":"template-compliance.php","meta":{"footnotes":""},"class_list":["post-16","page","type-page","status-publish","hentry"],"_links":{"self":[{"href":"https:\/\/omegaflexcorp.com\/fr\/wp-json\/wp\/v2\/pages\/16","targetHints":{"allow":["GET"]}}],"collection":[{"href":"https:\/\/omegaflexcorp.com\/fr\/wp-json\/wp\/v2\/pages"}],"about":[{"href":"https:\/\/omegaflexcorp.com\/fr\/wp-json\/wp\/v2\/types\/page"}],"author":[{"embeddable":true,"href":"https:\/\/omegaflexcorp.com\/fr\/wp-json\/wp\/v2\/users\/1"}],"replies":[{"embeddable":true,"href":"https:\/\/omegaflexcorp.com\/fr\/wp-json\/wp\/v2\/comments?post=16"}],"version-history":[{"count":0,"href":"https:\/\/omegaflexcorp.com\/fr\/wp-json\/wp\/v2\/pages\/16\/revisions"}],"wp:attachment":[{"href":"https:\/\/omegaflexcorp.com\/fr\/wp-json\/wp\/v2\/media?parent=16"}],"curies":[{"name":"wp","href":"https:\/\/api.w.org\/{rel}","templated":true}]}}