{"id":2,"date":"2018-03-08T21:13:28","date_gmt":"2018-03-08T21:13:28","guid":{"rendered":"https:\/\/omegaflexcorp.com\/?page_id=2"},"modified":"2023-10-17T14:12:19","modified_gmt":"2023-10-17T14:12:19","slug":"sample-page","status":"publish","type":"page","link":"https:\/\/omegaflexcorp.com\/fr\/","title":{"rendered":"Accueil"},"content":{"rendered":"<div class=\"welcome\">\n<h1 class=\"home_title\">Depuis 1975, nous fournissons des tuyaux m\u00e9talliques flexibles de qualit\u00e9 pour des applications industrielles, commerciales et r\u00e9sidentielles.<\/h1>\n<p>Omega Flex, Inc. (OmegaFlex) a \u00e9t\u00e9 fond\u00e9e en 1975 et est un innovateur et un fabricant de premier plan de tuyaux m\u00e9talliques flexibles et de produits de tuyauterie.  Les applications typiques de nos produits comprennent les tuyauteries flexibles pour les gaz combustibles dans la construction r\u00e9sidentielle et commerciale, les tuyauteries semi-rigides pour les combustibles liquides dans l'automobile, les marinas et la production d'appoint, les tubes flexibles pour les installations m\u00e9dicales, pharmaceutiques et les gaz purs, ainsi que les tuyaux flexibles pour diverses applications industrielles n\u00e9cessitant un haut degr\u00e9 de flexibilit\u00e9 et la capacit\u00e9 de transporter des substances corrosives \u00e0 des temp\u00e9ratures cryog\u00e9niques ou tr\u00e8s \u00e9lev\u00e9es.  OmegaFlex poss\u00e8de actuellement plus de 100 brevets d\u00e9pos\u00e9s dans le monde entier et est une entreprise ax\u00e9e sur les produits et l'ing\u00e9nierie qui s'engage \u00e0 r\u00e9pondre aux exigences de performance de ses clients.<\/p>\n<\/div>","protected":false},"excerpt":{"rendered":"<p>Fournir des tuyaux m\u00e9talliques flexibles de qualit\u00e9 pour des applications industrielles, commerciales et r\u00e9sidentielles depuis 1975 Omega Flex, Inc. (OmegaFlex) a \u00e9t\u00e9 cr\u00e9\u00e9e en 1975 et est un innovateur et fabricant de premier plan de tuyaux m\u00e9talliques flexibles et de produits de tuyauterie.  Les applications typiques de nos produits comprennent les tuyaux flexibles pour les gaz combustibles dans les constructions r\u00e9sidentielles et commerciales, les tuyaux semi-rigides et les tuyaux en acier inoxydable. <a href=\"https:\/\/omegaflexcorp.com\/fr\/\">Suite<\/a><\/p>","protected":false},"author":1,"featured_media":0,"parent":0,"menu_order":0,"comment_status":"closed","ping_status":"open","template":"","meta":{"footnotes":""},"class_list":["post-2","page","type-page","status-publish","hentry"],"_links":{"self":[{"href":"https:\/\/omegaflexcorp.com\/fr\/wp-json\/wp\/v2\/pages\/2","targetHints":{"allow":["GET"]}}],"collection":[{"href":"https:\/\/omegaflexcorp.com\/fr\/wp-json\/wp\/v2\/pages"}],"about":[{"href":"https:\/\/omegaflexcorp.com\/fr\/wp-json\/wp\/v2\/types\/page"}],"author":[{"embeddable":true,"href":"https:\/\/omegaflexcorp.com\/fr\/wp-json\/wp\/v2\/users\/1"}],"replies":[{"embeddable":true,"href":"https:\/\/omegaflexcorp.com\/fr\/wp-json\/wp\/v2\/comments?post=2"}],"version-history":[{"count":0,"href":"https:\/\/omegaflexcorp.com\/fr\/wp-json\/wp\/v2\/pages\/2\/revisions"}],"wp:attachment":[{"href":"https:\/\/omegaflexcorp.com\/fr\/wp-json\/wp\/v2\/media?parent=2"}],"curies":[{"name":"wp","href":"https:\/\/api.w.org\/{rel}","templated":true}]}}