{"id":29,"date":"2018-03-13T14:51:17","date_gmt":"2018-03-13T14:51:17","guid":{"rendered":"https:\/\/omegaflexcorp.com\/?page_id=29"},"modified":"2020-01-17T21:49:10","modified_gmt":"2020-01-17T21:49:10","slug":"privacy-policy","status":"publish","type":"page","link":"https:\/\/omegaflexcorp.com\/fr\/privacy-policy\/","title":{"rendered":"Politique de confidentialit\u00e9"},"content":{"rendered":"<h2>Politique de confidentialit\u00e9<\/h2>\n<p>Le pr\u00e9sent avis de confidentialit\u00e9 d\u00e9crit les pratiques en mati\u00e8re de protection de la vie priv\u00e9e pour ce site Web d\u00e9tenu et g\u00e9r\u00e9 par Omega Flex, Inc. Cet avis de confidentialit\u00e9 s'applique uniquement aux informations collect\u00e9es par ce site web. Il vous informera des \u00e9l\u00e9ments suivants :<\/p>\n<ul>\n<li>Quelles informations personnelles identifiables sont collect\u00e9es aupr\u00e8s de vous par le biais du site web, comment elles sont utilis\u00e9es et avec qui elles peuvent \u00eatre partag\u00e9es.<\/li>\n<li>Les choix qui vous sont offerts concernant l'utilisation de vos donn\u00e9es.<\/li>\n<li>Les proc\u00e9dures de s\u00e9curit\u00e9 mises en place pour prot\u00e9ger l'utilisation abusive de vos informations.<\/li>\n<li>la mani\u00e8re dont vous pouvez corriger toute inexactitude dans les informations.<\/li>\n<\/ul>\n<h2>Collecte, utilisation et partage d'informations<\/h2>\n<p>Nous sommes les seuls propri\u00e9taires des informations collect\u00e9es sur ce site. Nous n'avons acc\u00e8s qu'aux informations que vous nous communiquez volontairement par courrier \u00e9lectronique ou par tout autre contact direct. Ces informations peuvent inclure votre nom, votre adresse et votre adresse \u00e9lectronique. Nous pouvons utiliser ces informations personnelles pour r\u00e9pondre \u00e0 une demande que vous nous avez adress\u00e9e ou pour vous communiquer des informations sur OmegaFlex et ses produits susceptibles d'int\u00e9resser nos clients en g\u00e9n\u00e9ral. Nous ne vendrons, ne transf\u00e9rerons ni ne divulguerons ces informations \u00e0 qui que ce soit, sauf dans les cas pr\u00e9vus par la pr\u00e9sente politique. Nous pouvons faire appel \u00e0 des soci\u00e9t\u00e9s ext\u00e9rieures pour ex\u00e9cuter des fonctions li\u00e9es au site web, telles que l'h\u00e9bergement, la maintenance ou la mise \u00e0 jour du site web. Ces soci\u00e9t\u00e9s peuvent avoir acc\u00e8s \u00e0 vos informations personnelles, mais ne peuvent les utiliser que dans la mesure n\u00e9cessaire \u00e0 l'ex\u00e9cution de leurs fonctions. OmegaFlex se r\u00e9serve le droit d'utiliser ou de divulguer toute information n\u00e9cessaire pour se conformer \u00e0 toute loi, r\u00e9glementation ou proc\u00e9dure l\u00e9gale.<\/p>\n<h2>Votre acc\u00e8s et votre contr\u00f4le sur les informations<\/h2>\n<p>Vous pouvez \u00e0 tout moment vous opposer \u00e0 tout contact ult\u00e9rieur de notre part. Vous pouvez le faire \u00e0 tout moment en nous contactant via notre formulaire de contact ou en nous envoyant un courriel \u00e0 privacy@omegaflex.com :<\/p>\n<ul>\n<li>Voir quelles sont les donn\u00e9es dont nous disposons \u00e0 votre sujet, le cas \u00e9ch\u00e9ant.<\/li>\n<li>Modifier\/corriger les donn\u00e9es que nous d\u00e9tenons \u00e0 votre sujet.<\/li>\n<li>Nous demander de supprimer toutes les donn\u00e9es que nous poss\u00e9dons \u00e0 votre sujet.<\/li>\n<li>Exprimer toute pr\u00e9occupation concernant l'utilisation que nous faisons de vos donn\u00e9es.<\/li>\n<\/ul>\n<h2>Loi californienne de 2018 sur la protection de la vie priv\u00e9e des consommateurs<\/h2>\n<p>En vertu de la loi californienne sur la protection de la vie priv\u00e9e des consommateurs (California Consumer Privacy Act), les consommateurs californiens ont le droit de.. :<\/p>\n<ul>\n<li>Savoir quelles informations personnelles sont collect\u00e9es<\/li>\n<li>savoir \u00e0 qui leurs donn\u00e9es personnelles sont vendues ou divulgu\u00e9es et refuser de telles ventes<\/li>\n<li>Acc\u00e9der aux informations personnelles qu'ils ont collect\u00e9es<\/li>\n<li>Supprimer les informations personnelles collect\u00e9es<\/li>\n<li>Exercer leurs droits en vertu de la CCPA sans discrimination.<\/li>\n<\/ul>\n<p>Pour les professionnels form\u00e9s \u00e0 l'installation de nos produits, les informations que nous collectons peuvent \u00eatre votre nom, votre adresse, votre soci\u00e9t\u00e9, votre num\u00e9ro de licence professionnelle et votre adresse \u00e9lectronique.  Si vous nous contactez pour nous poser des questions ou nous faire part de vos pr\u00e9occupations concernant nos produits, nous pourrons recueillir des informations suppl\u00e9mentaires vous concernant, en fonction de votre situation personnelle.  Nous utilisons ces informations personnelles pour r\u00e9pondre \u00e0 ces questions et pr\u00e9occupations ou, dans le cas des dossiers de formation, pour r\u00e9pondre aux demandes des responsables locaux du code concernant votre statut de formation.  Enfin, nous pouvons utiliser ces informations personnelles pour vous fournir des informations sur les mises \u00e0 jour ou les offres de nos produits.<\/p>\n<p><em><strong>Nous ne vendons pas vos informations personnelles \u00e0 des tiers.\u00a0<\/strong><\/em> Nous pouvons partager vos informations personnelles pour confirmer votre statut de formation, ou en relation avec des mises \u00e0 jour de produits ou des offres d'OmegaFlex.<\/p>\n<p>Vous pouvez demander, en tant que consommateur v\u00e9rifiable, la divulgation des cat\u00e9gories d'informations personnelles que nous avons collect\u00e9es et des informations personnelles sp\u00e9cifiques collect\u00e9es.  Vous pouvez faire cette demande en appelant notre num\u00e9ro gratuit (877) 825-7362, ou en envoyant un courriel \u00e0 l'adresse suivante <a href=\"mailto:privacy@omegaflex.com\">privacy@omegaflex.com<\/a>.<\/p>\n<h2>Liens<\/h2>\n<p>Ce site web contient des liens vers d'autres sites. Veuillez noter que nous ne sommes pas responsables du contenu ou des pratiques en mati\u00e8re de protection de la vie priv\u00e9e de ces autres sites. Nous encourageons nos utilisateurs \u00e0 \u00eatre attentifs lorsqu'ils quittent notre site et \u00e0 lire les d\u00e9clarations de confidentialit\u00e9 de tout autre site qui recueille des informations personnellement identifiables.<\/p>\n<h2>Cookies<\/h2>\n<p>Les \"cookies\" sont des \u00e9l\u00e9ments d'information qu'un site web transf\u00e8re sur le disque dur d'un individu \u00e0 des fins d'archivage. Les cookies permettent au site web de se souvenir d'informations importantes qui faciliteront votre utilisation du site. Comme la plupart des sites web, nous utilisons des cookies \u00e0 diverses fins afin d'am\u00e9liorer votre exp\u00e9rience en ligne. Par exemple, nous suivons le nombre total de visiteurs sur notre site sur une base globale anonyme. Nous pouvons \u00e9galement utiliser des cookies pour nous souvenir de vous lorsque vous revenez sur le site, ou pour conna\u00eetre vos pr\u00e9f\u00e9rences en mati\u00e8re d'utilisation des fonctionnalit\u00e9s de nos sites web. Dans ce cas, nous pouvons associer un identifiant unique al\u00e9atoire \u00e0 un fichier cookie. Utilisez les options de votre navigateur web si vous ne souhaitez pas recevoir de cookies ou si vous souhaitez configurer votre navigateur pour qu'il vous avertisse lorsque vous recevez un cookie.<\/p>\n<h2>Modifications de notre politique de confidentialit\u00e9<\/h2>\n<p>De temps \u00e0 autre, il peut \u00eatre n\u00e9cessaire pour <strong>OmegaFlex, Inc<\/strong>. pour modifier cette politique de confidentialit\u00e9. Si nous modifions notre politique, nous publierons la version r\u00e9vis\u00e9e ici. Nous vous conseillons donc de consulter r\u00e9guli\u00e8rement cette page pour obtenir la version la plus r\u00e9cente de notre politique de protection de la vie priv\u00e9e.<\/p>\n<h2>Comment nous contacter<\/h2>\n<p>Si vous avez des questions concernant notre politique de confidentialit\u00e9, veuillez nous contacter \u00e0 l'adresse suivante :<\/p>\n<p><em><strong>Omega Flex, Inc.<br \/>\n<\/strong><\/em>451 Creamery Way<br \/>\nExton, PA 19341-2509 USA<br \/>\nprivacy@omegaflex.com<\/p>\n<p><em><strong>Pour les demandes de protection de la vie priv\u00e9e des consommateurs en Californie<br \/>\n<\/strong><\/em>(877) 825-7362<br \/>\n<a href=\"mailto:privacy@omegaflex.com\">privacy@omegaflex.com<\/a><\/p>\n<p>R\u00e9vis\u00e9 en janvier 2020<\/p>","protected":false},"excerpt":{"rendered":"<p>Privacy Policy This privacy notice discloses the privacy practices for this website owned and managed by Omega Flex, Inc. This privacy notice applies solely to information collected by this website. It will notify you of the following: What personally identifiable information is collected from you through the website, how it is used and with whom &hellip; <a href=\"https:\/\/omegaflexcorp.com\/fr\/privacy-policy\/\">Suite<\/a><\/p>","protected":false},"author":1,"featured_media":0,"parent":0,"menu_order":0,"comment_status":"closed","ping_status":"closed","template":"","meta":{"footnotes":""},"class_list":["post-29","page","type-page","status-publish","hentry"],"_links":{"self":[{"href":"https:\/\/omegaflexcorp.com\/fr\/wp-json\/wp\/v2\/pages\/29","targetHints":{"allow":["GET"]}}],"collection":[{"href":"https:\/\/omegaflexcorp.com\/fr\/wp-json\/wp\/v2\/pages"}],"about":[{"href":"https:\/\/omegaflexcorp.com\/fr\/wp-json\/wp\/v2\/types\/page"}],"author":[{"embeddable":true,"href":"https:\/\/omegaflexcorp.com\/fr\/wp-json\/wp\/v2\/users\/1"}],"replies":[{"embeddable":true,"href":"https:\/\/omegaflexcorp.com\/fr\/wp-json\/wp\/v2\/comments?post=29"}],"version-history":[{"count":0,"href":"https:\/\/omegaflexcorp.com\/fr\/wp-json\/wp\/v2\/pages\/29\/revisions"}],"wp:attachment":[{"href":"https:\/\/omegaflexcorp.com\/fr\/wp-json\/wp\/v2\/media?parent=29"}],"curies":[{"name":"wp","href":"https:\/\/api.w.org\/{rel}","templated":true}]}}