{"id":34,"date":"2018-03-13T15:29:37","date_gmt":"2018-03-13T15:29:37","guid":{"rendered":"https:\/\/omegaflexcorp.com\/?page_id=34"},"modified":"2018-05-02T15:36:46","modified_gmt":"2018-05-02T15:36:46","slug":"legal","status":"publish","type":"page","link":"https:\/\/omegaflexcorp.com\/fr\/legal\/","title":{"rendered":"Juridique"},"content":{"rendered":"<p>VEUILLEZ LIRE ATTENTIVEMENT CES CONDITIONS AVANT D'UTILISER CE SITE.<\/p>\n<p><strong>Licence :<\/strong> Vous pouvez t\u00e9l\u00e9charger une copie des documents, graphiques, informations ou logiciels (les \"MAT\u00c9RIAUX\") pr\u00e9sents sur les sites web d'Omegaflex pour votre propre usage. Tout logiciel t\u00e9l\u00e9charg\u00e9 \u00e0 partir des sites web d'Omegaflex est soumis \u00e0 la licence d'utilisation du logiciel.<\/p>\n<p>L'autorisation d'utiliser les \u00e9l\u00e9ments mat\u00e9riels est conditionn\u00e9e par votre accord (1) d'inclure l'avis de droit d'auteur figurant sur la page d'accueil d'Omegaflex dans toutes les copies des \u00e9l\u00e9ments mat\u00e9riels, (2) que l'utilisation des \u00e9l\u00e9ments mat\u00e9riels est \u00e0 des fins d'information uniquement, et (3) que les \u00e9l\u00e9ments mat\u00e9riels ne peuvent \u00eatre alt\u00e9r\u00e9s ou modifi\u00e9s de quelque mani\u00e8re que ce soit.<\/p>\n<p>Vous n'\u00eates pas autoris\u00e9 \u00e0 modifier les MAT\u00c9RIAUX, \u00e0 supprimer tout droit d'auteur ou autre avis de propri\u00e9t\u00e9 des MAT\u00c9RIAUX, ou \u00e0 dupliquer les MAT\u00c9RIAUX pour les vendre ou les transf\u00e9rer \u00e0 des tiers en \u00e9change de quelque forme de contrepartie que ce soit.<\/p>\n<p>Les MAT\u00c9RIAUX sont fournis \"EN L'\u00c9TAT\" sans aucune garantie expresse de quelque nature que ce soit.<\/p>\n<p>OMEGA FLEX, INC. REJETTE PAR LA PR\u00c9SENTE TOUTES LES GARANTIES RELATIVES AU MAT\u00c9RIEL, Y COMPRIS TOUTES LES GARANTIES IMPLICITES DE QUALIT\u00c9 MARCHANDE, D'AD\u00c9QUATION \u00c0 UN USAGE PARTICULIER, DE TITRE ET D'ABSENCE DE CONTREFA\u00c7ON.<\/p>\n<p>Les \u00e9l\u00e9ments mat\u00e9riels peuvent contenir des inexactitudes techniques ou des erreurs typographiques. Omegaflex peut apporter des modifications et des am\u00e9liorations au mat\u00e9riel de temps \u00e0 autre et \u00e0 tout moment.<\/p>\n<p>En aucun cas, Omega Flex, Inc. ne pourra \u00eatre tenu responsable de quelque dommage que ce soit, sp\u00e9cial, indirect ou cons\u00e9cutif, r\u00e9sultant d'une perte d'utilisation, de donn\u00e9es ou de b\u00e9n\u00e9fices, que ce soit dans le cadre d'une action contractuelle, d'une n\u00e9gligence ou d'une autre action d\u00e9lictuelle, d\u00e9coulant de l'utilisation ou de la performance des MAT\u00c9RIAUX ou en rapport avec ceux-ci.<\/p>\n<p><strong>Marques d\u00e9pos\u00e9es :<\/strong> AutoFlare\u00ae, AutoTrip\u00ae, CounterStrike\u00ae, DEF-Trac\u00ae, DoubleTrac\u00ae, Hyperlink\u2122, OmegaFlex\u00ae, Qual-E-Flex\u00ae, Solar-Flare\u00ae, Solar-Trac\u00ae, TracPipe\u00ae sont des marques d\u00e9pos\u00e9es d'Omega Flex, Inc. et de ses filiales.<\/p>\n<p><strong>Avis aux investisseurs :<\/strong> Toute information contenue sur ces sites qui se rapporte ou fait r\u00e9f\u00e9rence \u00e0 la performance future d'Omega Flex, Inc, de ses filiales ou de ses entreprises, est bas\u00e9e sur de nombreux facteurs, hypoth\u00e8ses et estimations. L'exactitude de ces hypoth\u00e8ses et la probabilit\u00e9 d'\u00e9v\u00e9nements futurs ne sont pas garanties, et si les hypoth\u00e8ses sont incorrectes ou si les \u00e9v\u00e9nements ne se produisent pas, cela pourrait avoir un effet n\u00e9gatif important sur Omega Flex, Inc, ses filiales ou ses entreprises.<\/p>\n<p>Les investisseurs doivent se r\u00e9f\u00e9rer au rapport annuel et aux documents d\u00e9pos\u00e9s par Omega Flex aupr\u00e8s de la SEC pour obtenir des informations d\u00e9finitives sur les performances d'Omega Flex. Toute projection contenue sur ces sites concernant les performances futures d'Omega Flex est consid\u00e9r\u00e9e comme une \"d\u00e9claration prospective\" et est prot\u00e9g\u00e9e par la r\u00e8gle de la \"sph\u00e8re de s\u00e9curit\u00e9\" (safe harbor rule) pr\u00e9vue par le Private Securities Litigation Reform Act de 1995 (PL 104-67).<\/p>","protected":false},"excerpt":{"rendered":"<p>VEUILLEZ LIRE ATTENTIVEMENT CES CONDITIONS AVANT D'UTILISER CE SITE. Licence : Vous pouvez t\u00e9l\u00e9charger une copie des documents, graphiques, informations ou logiciels (les \"MAT\u00c9RIAUX\") pr\u00e9sents sur les sites web d'Omegaflex pour votre propre usage. Tout logiciel t\u00e9l\u00e9charg\u00e9 \u00e0 partir des sites web d'Omegaflex est soumis \u00e0 la licence d'utilisation du logiciel. L'autorisation d'utiliser les MAT\u00c9RIAUX est conditionn\u00e9e \u00e0 votre ... <a href=\"https:\/\/omegaflexcorp.com\/fr\/legal\/\">Suite<\/a><\/p>","protected":false},"author":1,"featured_media":0,"parent":0,"menu_order":0,"comment_status":"closed","ping_status":"closed","template":"","meta":{"footnotes":""},"class_list":["post-34","page","type-page","status-publish","hentry"],"_links":{"self":[{"href":"https:\/\/omegaflexcorp.com\/fr\/wp-json\/wp\/v2\/pages\/34","targetHints":{"allow":["GET"]}}],"collection":[{"href":"https:\/\/omegaflexcorp.com\/fr\/wp-json\/wp\/v2\/pages"}],"about":[{"href":"https:\/\/omegaflexcorp.com\/fr\/wp-json\/wp\/v2\/types\/page"}],"author":[{"embeddable":true,"href":"https:\/\/omegaflexcorp.com\/fr\/wp-json\/wp\/v2\/users\/1"}],"replies":[{"embeddable":true,"href":"https:\/\/omegaflexcorp.com\/fr\/wp-json\/wp\/v2\/comments?post=34"}],"version-history":[{"count":0,"href":"https:\/\/omegaflexcorp.com\/fr\/wp-json\/wp\/v2\/pages\/34\/revisions"}],"wp:attachment":[{"href":"https:\/\/omegaflexcorp.com\/fr\/wp-json\/wp\/v2\/media?parent=34"}],"curies":[{"name":"wp","href":"https:\/\/api.w.org\/{rel}","templated":true}]}}