{"id":682,"date":"2018-03-28T18:03:59","date_gmt":"2018-03-28T18:03:59","guid":{"rendered":"https:\/\/omegaflexcorp.com\/?page_id=682"},"modified":"2018-05-02T15:37:22","modified_gmt":"2018-05-02T15:37:22","slug":"site-map","status":"publish","type":"page","link":"https:\/\/omegaflexcorp.com\/fr\/site-map\/","title":{"rendered":"Plan du site"},"content":{"rendered":"<div id=\"simple-sitemap-container-69f63dc3e31bb\" class=\"simple-sitemap-container simple-sitemap-container-69f63dc3e31bb tab-disabled\"><div class=\"simple-sitemap-wrap\"><ul class=\"simple-sitemap-page main\"><li class=\"sitemap-item page_item page-item-10\"><a href=\"https:\/\/omegaflexcorp.com\/fr\/company\/\">Entreprise<\/a><\/li>\n<li class=\"sitemap-item page_item page-item-16 page_item_has_children\"><a href=\"https:\/\/omegaflexcorp.com\/fr\/compliance\/\">Conformit\u00e9<\/a>\n<ul class='children'>\n\t<li class=\"sitemap-item page_item page-item-64\"><a href=\"https:\/\/omegaflexcorp.com\/fr\/compliance\/non-compliance-form\/\">Formulaire de non-conformit\u00e9<\/a><\/li>\n<\/ul>\n<\/li>\n<li class=\"sitemap-item page_item page-item-18\"><a href=\"https:\/\/omegaflexcorp.com\/fr\/contact\/\">Contact<\/a><\/li>\n<li class=\"sitemap-item page_item page-item-2\"><a href=\"https:\/\/omegaflexcorp.com\/fr\/\">Accueil<\/a><\/li>\n<li class=\"sitemap-item page_item page-item-34\"><a href=\"https:\/\/omegaflexcorp.com\/fr\/legal\/\">Juridique<\/a><\/li>\n<li class=\"sitemap-item page_item page-item-2013\"><a href=\"https:\/\/omegaflexcorp.com\/fr\/legal-information\/\">Informations juridiques<\/a><\/li>\n<li class=\"sitemap-item page_item page-item-1512\"><a href=\"https:\/\/omegaflexcorp.com\/fr\/non-compliance-thank-you\/\">Remerciements pour non-conformit\u00e9<\/a><\/li>\n<li class=\"sitemap-item page_item page-item-29\"><a href=\"https:\/\/omegaflexcorp.com\/fr\/privacy-policy\/\">Politique de confidentialit\u00e9<\/a><\/li>\n<li class=\"sitemap-item page_item page-item-12 page_item_has_children\"><a href=\"https:\/\/omegaflexcorp.com\/fr\/products\/\">Produits<\/a>\n<ul class='children'>\n\t<li class=\"sitemap-item page_item page-item-76\"><a href=\"https:\/\/omegaflexcorp.com\/fr\/products\/def-trac\/\">DEF-Trac<\/a><\/li>\n\t<li class=\"sitemap-item page_item page-item-73\"><a href=\"https:\/\/omegaflexcorp.com\/fr\/products\/doubletrac\/\">DoubleTrac<\/a><\/li>\n\t<li class=\"sitemap-item page_item page-item-79\"><a href=\"https:\/\/omegaflexcorp.com\/fr\/products\/industrial-products\/\">Produits industriels<\/a><\/li>\n\t<li class=\"sitemap-item page_item page-item-1545\"><a href=\"https:\/\/omegaflexcorp.com\/fr\/products\/meditrac\/\">MediTrac<\/a><\/li>\n\t<li class=\"sitemap-item page_item page-item-70\"><a href=\"https:\/\/omegaflexcorp.com\/fr\/products\/tracpipe-counterstrike\/\">TracPipe\u00ae CounterStrike\u00ae<\/a><\/li>\n<\/ul>\n<\/li>\n<li class=\"sitemap-item page_item page-item-14\"><a href=\"https:\/\/omegaflexcorp.com\/fr\/sec-filings\/\">D\u00e9p\u00f4ts aupr\u00e8s de la SEC<\/a><\/li>\n<li class=\"sitemap-item page_item page-item-682\"><a href=\"https:\/\/omegaflexcorp.com\/fr\/site-map\/\">Plan du site<\/a><\/li>\n<li class=\"sitemap-item page_item page-item-31\"><a href=\"https:\/\/omegaflexcorp.com\/fr\/terms-of-use\/\">Conditions d'utilisation<\/a><\/li>\n<li class=\"sitemap-item page_item page-item-1510\"><a href=\"https:\/\/omegaflexcorp.com\/fr\/thank-you-contact\/\">Contact de remerciement<\/a><\/li>\n<li class=\"sitemap-item page_item page-item-2089\"><a href=\"https:\/\/omegaflexcorp.com\/fr\/timeline\/\">Chronologie<\/a><\/li>\n<\/ul><\/div><\/div><br style=\"clear: both;\">","protected":false},"excerpt":{"rendered":"","protected":false},"author":1,"featured_media":0,"parent":0,"menu_order":0,"comment_status":"closed","ping_status":"closed","template":"","meta":{"footnotes":""},"class_list":["post-682","page","type-page","status-publish","hentry"],"_links":{"self":[{"href":"https:\/\/omegaflexcorp.com\/fr\/wp-json\/wp\/v2\/pages\/682","targetHints":{"allow":["GET"]}}],"collection":[{"href":"https:\/\/omegaflexcorp.com\/fr\/wp-json\/wp\/v2\/pages"}],"about":[{"href":"https:\/\/omegaflexcorp.com\/fr\/wp-json\/wp\/v2\/types\/page"}],"author":[{"embeddable":true,"href":"https:\/\/omegaflexcorp.com\/fr\/wp-json\/wp\/v2\/users\/1"}],"replies":[{"embeddable":true,"href":"https:\/\/omegaflexcorp.com\/fr\/wp-json\/wp\/v2\/comments?post=682"}],"version-history":[{"count":0,"href":"https:\/\/omegaflexcorp.com\/fr\/wp-json\/wp\/v2\/pages\/682\/revisions"}],"wp:attachment":[{"href":"https:\/\/omegaflexcorp.com\/fr\/wp-json\/wp\/v2\/media?parent=682"}],"curies":[{"name":"wp","href":"https:\/\/api.w.org\/{rel}","templated":true}]}}