{"id":70,"date":"2018-03-19T19:27:51","date_gmt":"2018-03-19T19:27:51","guid":{"rendered":"https:\/\/omegaflexcorp.com\/?page_id=70"},"modified":"2018-05-01T19:43:27","modified_gmt":"2018-05-01T19:43:27","slug":"tracpipe-counterstrike","status":"publish","type":"page","link":"https:\/\/omegaflexcorp.com\/fr\/products\/tracpipe-counterstrike\/","title":{"rendered":"TracPipe\u00ae CounterStrike\u00ae"},"content":{"rendered":"<h2><em>La seule tuyauterie de gaz qui r\u00e9siste aux forces de la nature<\/em><\/h2>\n<p><img loading=\"lazy\" decoding=\"async\" src=\"https:\/\/omegaflexcorp.com\/wp-content\/uploads\/tracpipe.jpg\" alt=\"\" width=\"200\" height=\"249\" class=\"alignright size-full wp-image-71\" \/><\/p>\n<p>Utilis\u00e9 dans les installations de tuyauterie de gaz naturel et de propane, TracPipe\u00ae CounterStrike\u00ae s'est av\u00e9r\u00e9 jusqu'\u00e0 400 fois plus r\u00e9sistant aux effets dommageables de l'\u00e9nergie \u00e9lectrique que les tubes ondul\u00e9s jaunes en acier inoxydable.<\/p>\n<p>Le choix le plus s\u00fbr pour l'installateur et le client, les avantages de TracPipe\u00ae CounterStrike\u00ae permettent \u00e9galement d'\u00e9conomiser du temps et de l'argent. Les instructions d'installation du fabricant n'imposent aucune exigence suppl\u00e9mentaire en mati\u00e8re de collage pour TracPipe\u00ae CounterStrike\u00ae. Il se pose plus droit et se tire plus facilement, ce qui r\u00e9duit consid\u00e9rablement les temps d'installation. Et contrairement aux marques concurrentes, TracPipe\u00ae Counterstrike\u00ae n'est pas recuit, ce qui le rend plus r\u00e9sistant \u00e0 l'\u00e9crasement, plus s\u00fbr \u00e0 installer et plus facile \u00e0 couper.<\/p>\n<h3><a href=\"http:\/\/www.tracpipe.com\" target=\"_blank\">Visitez le site web de TracPipe\u00ae CounterStrike\u00ae '<\/a><\/h3>","protected":false},"excerpt":{"rendered":"<p>La seule tuyauterie de gaz qui r\u00e9siste aux forces de la nature Utilis\u00e9e dans les installations de tuyauterie de gaz naturel et de propane, TracPipe\u00ae CounterStrike\u00ae s'est av\u00e9r\u00e9e jusqu'\u00e0 400 fois plus r\u00e9sistante aux effets n\u00e9fastes de l'\u00e9nergie \u00e9lectrique que les tubes ondul\u00e9s jaunes en acier inoxydable. Le choix le plus s\u00fbr pour l'installateur et le client, le ... <a href=\"https:\/\/omegaflexcorp.com\/fr\/products\/tracpipe-counterstrike\/\">Suite<\/a><\/p>","protected":false},"author":1,"featured_media":71,"parent":12,"menu_order":0,"comment_status":"closed","ping_status":"closed","template":"","meta":{"footnotes":""},"class_list":["post-70","page","type-page","status-publish","has-post-thumbnail","hentry"],"_links":{"self":[{"href":"https:\/\/omegaflexcorp.com\/fr\/wp-json\/wp\/v2\/pages\/70","targetHints":{"allow":["GET"]}}],"collection":[{"href":"https:\/\/omegaflexcorp.com\/fr\/wp-json\/wp\/v2\/pages"}],"about":[{"href":"https:\/\/omegaflexcorp.com\/fr\/wp-json\/wp\/v2\/types\/page"}],"author":[{"embeddable":true,"href":"https:\/\/omegaflexcorp.com\/fr\/wp-json\/wp\/v2\/users\/1"}],"replies":[{"embeddable":true,"href":"https:\/\/omegaflexcorp.com\/fr\/wp-json\/wp\/v2\/comments?post=70"}],"version-history":[{"count":0,"href":"https:\/\/omegaflexcorp.com\/fr\/wp-json\/wp\/v2\/pages\/70\/revisions"}],"up":[{"embeddable":true,"href":"https:\/\/omegaflexcorp.com\/fr\/wp-json\/wp\/v2\/pages\/12"}],"wp:featuredmedia":[{"embeddable":true,"href":"https:\/\/omegaflexcorp.com\/fr\/wp-json\/wp\/v2\/media\/71"}],"wp:attachment":[{"href":"https:\/\/omegaflexcorp.com\/fr\/wp-json\/wp\/v2\/media?parent=70"}],"curies":[{"name":"wp","href":"https:\/\/api.w.org\/{rel}","templated":true}]}}