{"id":73,"date":"2018-03-19T19:29:59","date_gmt":"2018-03-19T19:29:59","guid":{"rendered":"https:\/\/omegaflexcorp.com\/?page_id=73"},"modified":"2018-05-01T19:43:43","modified_gmt":"2018-05-01T19:43:43","slug":"doubletrac","status":"publish","type":"page","link":"https:\/\/omegaflexcorp.com\/fr\/products\/doubletrac\/","title":{"rendered":"DoubleTrac"},"content":{"rendered":"<h2><em>Installation facile. Z\u00e9ro perm\u00e9ation.<\/em><\/h2>\n<p><img loading=\"lazy\" decoding=\"async\" src=\"https:\/\/omegaflexcorp.com\/wp-content\/uploads\/double-trac.jpg\" alt=\"\" width=\"250\" height=\"229\" class=\"alignright size-full wp-image-74\" \/><\/p>\n<p>Ce syst\u00e8me de tuyauterie flexible respectueux de l'environnement offre un syst\u00e8me \u00e0 double paroi sans perm\u00e9ation et, parce qu'il est flexible, c'est le produit le plus facile \u00e0 installer. La perm\u00e9ation z\u00e9ro signifie que DoubleTrac\u00ae est un leader de l'industrie en mati\u00e8re de s\u00e9curit\u00e9 ainsi que la solution la plus rentable pour les syst\u00e8mes de stockage souterrains ou en surface pour toutes les applications de carburant.<\/p>\n<p>Le syst\u00e8me DoubleTrac\u00ae a pass\u00e9 avec succ\u00e8s les m\u00e9thodes de test Tracer Tight\u00ae de Praxair, CGRS iota\u00ae VaporTite V005 et MDleak\u2122 de Leak Technologies. Le test MDleak\u2122 a abouti \u00e0 une norme de taux de fuite d'\u00e9tanch\u00e9it\u00e9 de 0,000001 gph - un taux d\u00e9passant de 1000 fois le taux de fuite californien.<\/p>\n<p>DoubleTrac\u00ae offre au propri\u00e9taire et \u00e0 l'installateur un syst\u00e8me extr\u00eamement fiable tout en proposant la solution la plus rentable de l'industrie - ce qui se traduit par une solution de tuyauterie p\u00e9troli\u00e8re aussi saine pour vos r\u00e9sultats que pour l'environnement.<\/p>\n<h3><a href=\"http:\/\/www.doubletrac.net\/\" target=\"_blank\">Visitez le site web de DoubleTrac '<\/a><\/h3>","protected":false},"excerpt":{"rendered":"<p>Installation facile. Aucune perm\u00e9ation. Ce syst\u00e8me de tuyauterie flexible respectueux de l'environnement offre un syst\u00e8me \u00e0 double paroi sans perm\u00e9ation et, parce qu'il est flexible, c'est le produit le plus facile \u00e0 installer. La perm\u00e9ation z\u00e9ro signifie que DoubleTrac\u00ae est un leader de l'industrie en mati\u00e8re de s\u00e9curit\u00e9 ainsi que la solution la plus rentable pour les syst\u00e8mes de stockage souterrains ou a\u00e9riens pour tous les ... <a href=\"https:\/\/omegaflexcorp.com\/fr\/products\/doubletrac\/\">Suite<\/a><\/p>","protected":false},"author":1,"featured_media":74,"parent":12,"menu_order":0,"comment_status":"closed","ping_status":"closed","template":"","meta":{"footnotes":""},"class_list":["post-73","page","type-page","status-publish","has-post-thumbnail","hentry"],"_links":{"self":[{"href":"https:\/\/omegaflexcorp.com\/fr\/wp-json\/wp\/v2\/pages\/73","targetHints":{"allow":["GET"]}}],"collection":[{"href":"https:\/\/omegaflexcorp.com\/fr\/wp-json\/wp\/v2\/pages"}],"about":[{"href":"https:\/\/omegaflexcorp.com\/fr\/wp-json\/wp\/v2\/types\/page"}],"author":[{"embeddable":true,"href":"https:\/\/omegaflexcorp.com\/fr\/wp-json\/wp\/v2\/users\/1"}],"replies":[{"embeddable":true,"href":"https:\/\/omegaflexcorp.com\/fr\/wp-json\/wp\/v2\/comments?post=73"}],"version-history":[{"count":0,"href":"https:\/\/omegaflexcorp.com\/fr\/wp-json\/wp\/v2\/pages\/73\/revisions"}],"up":[{"embeddable":true,"href":"https:\/\/omegaflexcorp.com\/fr\/wp-json\/wp\/v2\/pages\/12"}],"wp:featuredmedia":[{"embeddable":true,"href":"https:\/\/omegaflexcorp.com\/fr\/wp-json\/wp\/v2\/media\/74"}],"wp:attachment":[{"href":"https:\/\/omegaflexcorp.com\/fr\/wp-json\/wp\/v2\/media?parent=73"}],"curies":[{"name":"wp","href":"https:\/\/api.w.org\/{rel}","templated":true}]}}