{"id":76,"date":"2018-03-19T19:32:04","date_gmt":"2018-03-19T19:32:04","guid":{"rendered":"https:\/\/omegaflexcorp.com\/?page_id=76"},"modified":"2018-05-01T19:43:54","modified_gmt":"2018-05-01T19:43:54","slug":"def-trac","status":"publish","type":"page","link":"https:\/\/omegaflexcorp.com\/fr\/products\/def-trac\/","title":{"rendered":"DEF-Trac"},"content":{"rendered":"<h2><em>Le tout nouveau syst\u00e8me de tuyauterie flexible d'OmegaFlex pour le fluide d'\u00e9chappement diesel<\/em><\/h2>\n<p><img loading=\"lazy\" decoding=\"async\" src=\"https:\/\/omegaflexcorp.com\/wp-content\/uploads\/def-trac.jpg\" alt=\"\" width=\"250\" height=\"182\" class=\"alignright size-full wp-image-77\" \/><\/p>\n<p>Le fluide d'\u00e9chappement diesel (DEF) est utilis\u00e9 pour d\u00e9truire les \u00e9missions nocives dans les gaz d'\u00e9chappement et pour r\u00e9pondre aux normes environnementales les plus r\u00e9centes de l'Agence de protection de l'environnement (EPA). DEF-Trac\u00ae, le produit de tuyauterie flexible d'OmegaFlex pour la manipulation des fluides, r\u00e9pond aux besoins de l'industrie de l'approvisionnement en DEF.<\/p>\n<p>Insensible aux effets corrosifs du DEF, DEF-Trac\u00ae est fabriqu\u00e9 en acier inoxydable 316L ondul\u00e9 et est fourni en longues bobines pour simplifier l'installation de la tuyauterie de distribution depuis le r\u00e9servoir de stockage jusqu'aux pompes de distribution. Combin\u00e9 \u00e0 des raccords m\u00e9caniques simples, l'ensemble du syst\u00e8me peut \u00eatre install\u00e9 \u00e0 l'aide d'outils manuels standard.<\/p>\n<h3><a href=\"http:\/\/www.doubletrac.net\/def-trac\/\" target=\"_blank\">En savoir plus sur DEF-Trac\u00ae '<\/a><\/h3>","protected":false},"excerpt":{"rendered":"<p>Le tout nouveau syst\u00e8me de tuyauterie flexible d'OmegaFlex pour le fluide d'\u00e9chappement diesel D\u00e9sormais requis par les camions lourds, les camionnettes, les VUS et les fourgonnettes aliment\u00e9s au diesel, le fluide d'\u00e9chappement diesel (DEF) est utilis\u00e9 pour d\u00e9truire les \u00e9missions nocives dans les gaz d'\u00e9chappement et pour r\u00e9pondre aux normes environnementales les plus r\u00e9centes de l'EPA. DEF-Trac\u00ae, le produit de tuyauterie flexible d'OmegaFlex pour la manipulation des fluides, r\u00e9pond aux besoins de l'industrie de l'approvisionnement en DEF. ... <a href=\"https:\/\/omegaflexcorp.com\/fr\/products\/def-trac\/\">Suite<\/a><\/p>","protected":false},"author":1,"featured_media":77,"parent":12,"menu_order":0,"comment_status":"closed","ping_status":"closed","template":"","meta":{"footnotes":""},"class_list":["post-76","page","type-page","status-publish","has-post-thumbnail","hentry"],"_links":{"self":[{"href":"https:\/\/omegaflexcorp.com\/fr\/wp-json\/wp\/v2\/pages\/76","targetHints":{"allow":["GET"]}}],"collection":[{"href":"https:\/\/omegaflexcorp.com\/fr\/wp-json\/wp\/v2\/pages"}],"about":[{"href":"https:\/\/omegaflexcorp.com\/fr\/wp-json\/wp\/v2\/types\/page"}],"author":[{"embeddable":true,"href":"https:\/\/omegaflexcorp.com\/fr\/wp-json\/wp\/v2\/users\/1"}],"replies":[{"embeddable":true,"href":"https:\/\/omegaflexcorp.com\/fr\/wp-json\/wp\/v2\/comments?post=76"}],"version-history":[{"count":0,"href":"https:\/\/omegaflexcorp.com\/fr\/wp-json\/wp\/v2\/pages\/76\/revisions"}],"up":[{"embeddable":true,"href":"https:\/\/omegaflexcorp.com\/fr\/wp-json\/wp\/v2\/pages\/12"}],"wp:featuredmedia":[{"embeddable":true,"href":"https:\/\/omegaflexcorp.com\/fr\/wp-json\/wp\/v2\/media\/77"}],"wp:attachment":[{"href":"https:\/\/omegaflexcorp.com\/fr\/wp-json\/wp\/v2\/media?parent=76"}],"curies":[{"name":"wp","href":"https:\/\/api.w.org\/{rel}","templated":true}]}}