{"id":79,"date":"2018-03-19T19:34:26","date_gmt":"2018-03-19T19:34:26","guid":{"rendered":"https:\/\/omegaflexcorp.com\/?page_id=79"},"modified":"2018-05-01T19:44:17","modified_gmt":"2018-05-01T19:44:17","slug":"industrial-products","status":"publish","type":"page","link":"https:\/\/omegaflexcorp.com\/fr\/products\/industrial-products\/","title":{"rendered":"Produits industriels"},"content":{"rendered":"<h2><em><strong>Fabricant de tuyaux m\u00e9talliques flexibles ondul\u00e9s, d'assemblages de haute technicit\u00e9 et de tresses pour les industries de transformation et autres applications sp\u00e9cialis\u00e9es.<br \/> <\/strong><\/em><\/h2>\n<p><img loading=\"lazy\" decoding=\"async\" src=\"https:\/\/omegaflexcorp.com\/wp-content\/uploads\/industrial-products-213x300.jpg\" alt=\"\" width=\"213\" height=\"300\" class=\"alignright size-medium wp-image-80\" srcset=\"https:\/\/omegaflexcorp.com\/wp-content\/uploads\/industrial-products-213x300.jpg 213w, https:\/\/omegaflexcorp.com\/wp-content\/uploads\/industrial-products.jpg 227w\" sizes=\"auto, (max-width: 213px) 100vw, 213px\" \/><\/p>\n<p>Fournir des tuyaux m\u00e9talliques flexibles de qualit\u00e9 qui r\u00e9pondent \u00e0 des applications industrielles exigeantes demande du d\u00e9vouement, de l'exp\u00e9rience et de l'innovation. Depuis 1975, OmegaFlex r\u00e9pond \u00e0 ces attentes en d\u00e9veloppant constamment des processus de fabrication sup\u00e9rieurs pour produire des tuyaux m\u00e9talliques flexibles ondul\u00e9s et des tresses.<\/p>\n<p>OmegaFlex s'engage \u00e0 servir ses clients avec la plus grande s\u00e9lection de tailles et de mat\u00e9riaux dans l'industrie du tuyau m\u00e9tallique ondul\u00e9. Qu'il s'agisse de concevoir des assemblages de tuyaux sp\u00e9ciaux pour des applications OEM ou de soutenir notre vaste r\u00e9seau de distributeurs fabricants, OmegaFlex a le d\u00e9vouement et les ressources n\u00e9cessaires pour r\u00e9pondre aux besoins industriels d'aujourd'hui. Notre objectif est d'offrir un service \u00e0 la client\u00e8le hors pair, des produits de qualit\u00e9 et des livraisons dans les d\u00e9lais impartis.<\/p>\n<p>Les tuyaux m\u00e9talliques fabriqu\u00e9s par OmegaFlex sont largement utilis\u00e9s dans des usines telles que les aci\u00e9ries, les usines chimiques et p\u00e9trochimiques, les usines de p\u00e2tes et papiers, les centrales \u00e9lectriques, les installations de traitement de l'eau et des eaux us\u00e9es. Ils sont \u00e9galement utilis\u00e9s pour les applications cryog\u00e9niques et les lignes de transfert de cargaison\/chlore. Les services d'ing\u00e9nierie et de maintenance sp\u00e9cifient OmegaFlex en raison de notre capacit\u00e9 \u00e0 r\u00e9soudre les applications \"probl\u00e9matiques\".<\/p>\n<h3><a href=\"http:\/\/www.omegaflex.com\/omindex.htm\" target=\"_blank\">En savoir plus sur OmegaFlex Industrial Products '<\/a><\/h3>","protected":false},"excerpt":{"rendered":"<p>Fabricant de tuyaux m\u00e9talliques flexibles ondul\u00e9s, d'assemblages de haute technicit\u00e9 et de tresses pour les industries de transformation et autres applications sp\u00e9cialis\u00e9es La fourniture de tuyaux m\u00e9talliques flexibles de qualit\u00e9 r\u00e9pondant \u00e0 des applications industrielles exigeantes requiert d\u00e9vouement, exp\u00e9rience et innovation. Depuis 1975, OmegaFlex r\u00e9pond \u00e0 ces attentes en d\u00e9veloppant constamment des processus de fabrication sup\u00e9rieurs pour produire des tuyaux m\u00e9talliques flexibles ondul\u00e9s ... <a href=\"https:\/\/omegaflexcorp.com\/fr\/products\/industrial-products\/\">Suite<\/a><\/p>","protected":false},"author":1,"featured_media":80,"parent":12,"menu_order":0,"comment_status":"closed","ping_status":"closed","template":"","meta":{"footnotes":""},"class_list":["post-79","page","type-page","status-publish","has-post-thumbnail","hentry"],"_links":{"self":[{"href":"https:\/\/omegaflexcorp.com\/fr\/wp-json\/wp\/v2\/pages\/79","targetHints":{"allow":["GET"]}}],"collection":[{"href":"https:\/\/omegaflexcorp.com\/fr\/wp-json\/wp\/v2\/pages"}],"about":[{"href":"https:\/\/omegaflexcorp.com\/fr\/wp-json\/wp\/v2\/types\/page"}],"author":[{"embeddable":true,"href":"https:\/\/omegaflexcorp.com\/fr\/wp-json\/wp\/v2\/users\/1"}],"replies":[{"embeddable":true,"href":"https:\/\/omegaflexcorp.com\/fr\/wp-json\/wp\/v2\/comments?post=79"}],"version-history":[{"count":0,"href":"https:\/\/omegaflexcorp.com\/fr\/wp-json\/wp\/v2\/pages\/79\/revisions"}],"up":[{"embeddable":true,"href":"https:\/\/omegaflexcorp.com\/fr\/wp-json\/wp\/v2\/pages\/12"}],"wp:featuredmedia":[{"embeddable":true,"href":"https:\/\/omegaflexcorp.com\/fr\/wp-json\/wp\/v2\/media\/80"}],"wp:attachment":[{"href":"https:\/\/omegaflexcorp.com\/fr\/wp-json\/wp\/v2\/media?parent=79"}],"curies":[{"name":"wp","href":"https:\/\/api.w.org\/{rel}","templated":true}]}}